{"id":583,"date":"2025-05-20T23:16:57","date_gmt":"2025-05-20T23:16:57","guid":{"rendered":"https:\/\/grannyboxcrochet.com\/?post_type=product&#038;p=583"},"modified":"2025-05-20T23:18:13","modified_gmt":"2025-05-20T23:18:13","slug":"kit-granny-box-n1-mon-chouchou-en-crochet","status":"publish","type":"product","link":"https:\/\/grannyboxcrochet.com\/en\/product\/kit-granny-box-n1-mon-chouchou-en-crochet\/","title":{"rendered":"Kit granny box n\u00b01 mon chouchou en crochet"},"content":{"rendered":"<p>Kit crochet \u2013 Mon chouchou au crochet<\/p>\n<p>Envie d\u2019apprendre le crochet avec un projet simple, utile et trop mignon ? Ce kit est fait pour toi !<\/p>\n<p>Con\u00e7u avec amour de A \u00e0 Z, il contient tout le n\u00e9cessaire pour r\u00e9aliser ton propre chouchou tout doux en fil chenille. Que tu sois d\u00e9butant(e) ou que tu aies d\u00e9j\u00e0 quelques mailles \u00e0 ton actif, tu pourras te lancer en toute s\u00e9r\u00e9nit\u00e9 gr\u00e2ce aux explications claires et aux supports vid\u00e9o.<\/p>\n<p>Dans ta box, tu trouveras :<\/p>\n<p>Un joli fil chenille tout doux<\/p>\n<p>Un \u00e9lastique noir pour la base<\/p>\n<p>Un crochet 4 mm<\/p>\n<p>Une aiguille \u00e0 bout rond pour les finitions<\/p>\n<p>Une notice papier pas-\u00e0-pas<\/p>\n<p>Un lien vers une vid\u00e9o tuto exclusive<br \/>\n(Il ne te manque que des ciseaux et un peu de bonne humeur !)<\/p>\n<p>Parfait pour :<\/p>\n<p>Offrir un cadeau original et fait main<\/p>\n<p>T\u2019initier au crochet en douceur<\/p>\n<p>Partager un moment cr\u00e9atif et relaxant<\/p>\n<p>Disponible en plusieurs coloris, choisis ton pr\u00e9f\u00e9r\u00e9 et plonge dans l\u2019univers moelleux du crochet avec Granny Box !<\/p>","protected":false},"excerpt":{"rendered":"<p>Envie d&rsquo;apprendre le crochet sans te prendre la t\u00eate ?<\/p>\n<p>C&rsquo;est possible avec la gamme de kits DIY granny box !<\/p>\n<p>En suivant les instructions pas a pas tu vas d\u00e9couvrir de nouvelles technique et progresser sans t&rsquo;en rendre\u00a0 compte!<\/p>\n<p>Bonus !! Tout le mat\u00e9riel est fournis sauf les ciseaux !!<\/p>","protected":false},"featured_media":463,"template":"","meta":{"site-sidebar-layout":"default","site-content-layout":"","ast-site-content-layout":"default","site-content-style":"default","site-sidebar-style":"default","ast-global-header-display":"","ast-banner-title-visibility":"","ast-main-header-display":"","ast-hfb-above-header-display":"","ast-hfb-below-header-display":"","ast-hfb-mobile-header-display":"","site-post-title":"","ast-breadcrumbs-content":"","ast-featured-img":"","footer-sml-layout":"","ast-disable-related-posts":"","theme-transparent-header-meta":"default","adv-header-id-meta":"","stick-header-meta":"","header-above-stick-meta":"","header-main-stick-meta":"","header-below-stick-meta":"","astra-migrate-meta-layouts":"set","ast-page-background-enabled":"default","ast-page-background-meta":{"desktop":{"background-color":"var(--ast-global-color-5)","background-image":"","background-repeat":"repeat","background-position":"center center","background-size":"auto","background-attachment":"scroll","background-type":"","background-media":"","overlay-type":"","overlay-color":"","overlay-opacity":"","overlay-gradient":""},"tablet":{"background-color":"","background-image":"","background-repeat":"repeat","background-position":"center center","background-size":"auto","background-attachment":"scroll","background-type":"","background-media":"","overlay-type":"","overlay-color":"","overlay-opacity":"","overlay-gradient":""},"mobile":{"background-color":"","background-image":"","background-repeat":"repeat","background-position":"center center","background-size":"auto","background-attachment":"scroll","background-type":"","background-media":"","overlay-type":"","overlay-color":"","overlay-opacity":"","overlay-gradient":""}},"ast-content-background-meta":{"desktop":{"background-color":"var(--ast-global-color-4)","background-image":"","background-repeat":"repeat","background-position":"center center","background-size":"auto","background-attachment":"scroll","background-type":"","background-media":"","overlay-type":"","overlay-color":"","overlay-opacity":"","overlay-gradient":""},"tablet":{"background-color":"var(--ast-global-color-4)","background-image":"","background-repeat":"repeat","background-position":"center center","background-size":"auto","background-attachment":"scroll","background-type":"","background-media":"","overlay-type":"","overlay-color":"","overlay-opacity":"","overlay-gradient":""},"mobile":{"background-color":"var(--ast-global-color-4)","background-image":"","background-repeat":"repeat","background-position":"center center","background-size":"auto","background-attachment":"scroll","background-type":"","background-media":"","overlay-type":"","overlay-color":"","overlay-opacity":"","overlay-gradient":""}},"_glsr_average":0,"_glsr_ranking":0,"_glsr_reviews":0},"product_brand":[],"product_cat":[28,18,15],"product_tag":[],"class_list":{"0":"post-583","1":"product","2":"type-product","3":"status-publish","4":"has-post-thumbnail","6":"product_cat-patrons","7":"product_cat-produits-pour-enfants","8":"product_cat-tous-les-produits","9":"desktop-align-left","10":"tablet-align-left","11":"mobile-align-left","13":"first","14":"instock","15":"taxable","16":"shipping-taxable","17":"purchasable","18":"product-type-variable"},"_links":{"self":[{"href":"https:\/\/grannyboxcrochet.com\/en\/wp-json\/wp\/v2\/product\/583","targetHints":{"allow":["GET"]}}],"collection":[{"href":"https:\/\/grannyboxcrochet.com\/en\/wp-json\/wp\/v2\/product"}],"about":[{"href":"https:\/\/grannyboxcrochet.com\/en\/wp-json\/wp\/v2\/types\/product"}],"wp:featuredmedia":[{"embeddable":true,"href":"https:\/\/grannyboxcrochet.com\/en\/wp-json\/wp\/v2\/media\/463"}],"wp:attachment":[{"href":"https:\/\/grannyboxcrochet.com\/en\/wp-json\/wp\/v2\/media?parent=583"}],"wp:term":[{"taxonomy":"product_brand","embeddable":true,"href":"https:\/\/grannyboxcrochet.com\/en\/wp-json\/wp\/v2\/product_brand?post=583"},{"taxonomy":"product_cat","embeddable":true,"href":"https:\/\/grannyboxcrochet.com\/en\/wp-json\/wp\/v2\/product_cat?post=583"},{"taxonomy":"product_tag","embeddable":true,"href":"https:\/\/grannyboxcrochet.com\/en\/wp-json\/wp\/v2\/product_tag?post=583"}],"curies":[{"name":"wp","href":"https:\/\/api.w.org\/{rel}","templated":true}]}}