{"id":47,"date":"2025-01-20T12:26:15","date_gmt":"2025-01-20T12:26:15","guid":{"rendered":"https:\/\/grannyboxcrochet.com\/?page_id=47"},"modified":"2025-02-20T14:12:16","modified_gmt":"2025-02-20T14:12:16","slug":"blog","status":"publish","type":"page","link":"https:\/\/grannyboxcrochet.com\/en\/blog\/","title":{"rendered":"blog"},"content":{"rendered":"<div data-elementor-type=\"wp-page\" data-elementor-id=\"47\" class=\"elementor elementor-47\">\n\t\t\t\t<div class=\"elementor-element elementor-element-ca79e65 e-flex e-con-boxed e-con e-parent\" data-id=\"ca79e65\" data-element_type=\"container\" data-e-type=\"container\" data-settings=\"{&quot;jet_parallax_layout_list&quot;:[]}\">\n\t\t\t\t\t<div class=\"e-con-inner\">\n\t\t\t\t<div class=\"elementor-element elementor-element-3dcc50a elementor-widget elementor-widget-heading\" data-id=\"3dcc50a\" data-element_type=\"widget\" data-e-type=\"widget\" data-widget_type=\"heading.default\">\n\t\t\t\t<div class=\"elementor-widget-container\">\n\t\t\t\t\t<h2 class=\"elementor-heading-title elementor-size-default\">Nos diff\u00e9rentes contributions.<\/h2>\t\t\t\t<\/div>\n\t\t\t\t<\/div>\n\t\t\t\t<div class=\"elementor-element elementor-element-d85d1e9 elementor-widget elementor-widget-text-editor\" data-id=\"d85d1e9\" data-element_type=\"widget\" data-e-type=\"widget\" data-widget_type=\"text-editor.default\">\n\t\t\t\t<div class=\"elementor-widget-container\">\n\t\t\t\t\t\t\t\t\t<p><strong>Plongez dans nos astuces, conseils et tutoriels pour d\u00e9couvrir les mille et une possibilit\u00e9s qu\u2019offre le crochet.<\/strong><\/p>\t\t\t\t\t\t\t\t<\/div>\n\t\t\t\t<\/div>\n\t\t\t\t\t<\/div>\n\t\t\t\t<\/div>\n\t\t<div class=\"elementor-element elementor-element-a4e0dc6 e-flex e-con-boxed e-con e-parent\" data-id=\"a4e0dc6\" data-element_type=\"container\" data-e-type=\"container\" data-settings=\"{&quot;jet_parallax_layout_list&quot;:[]}\">\n\t\t\t\t\t<div class=\"e-con-inner\">\n\t\t\t\t<div class=\"elementor-element elementor-element-9a965ad elementor-widget elementor-widget-ucaddon_post_blocks\" data-id=\"9a965ad\" data-element_type=\"widget\" data-e-type=\"widget\" data-widget_type=\"ucaddon_post_blocks.default\">\n\t\t\t\t<div class=\"elementor-widget-container\">\n\t\t\t\t\t\n<!-- start Post Blocks -->\n\t\t<link id='font-awesome-css' href='https:\/\/grannyboxcrochet.com\/wp-content\/plugins\/unlimited-elements-for-elementor-premium\/assets_libraries\/font-awesome6\/fontawesome-all.min.css' type='text\/css' rel='stylesheet' >\n\t\t<link id='font-awesome-4-shim-css' href='https:\/\/grannyboxcrochet.com\/wp-content\/plugins\/unlimited-elements-for-elementor-premium\/assets_libraries\/font-awesome6\/fontawesome-v4-shims.min.css' type='text\/css' rel='stylesheet' >\n\n<style>\/* widget: Post Blocks *\/\n\n\n\n#uc_post_blocks_elementor_9a965ad {\n    display:grid;\n}\n#uc_post_blocks_elementor_9a965ad .ue_post_blocks_box\n{\n  overflow:hidden;\n}\n\n#uc_post_blocks_elementor_9a965ad .ue_post_blocks_image\n{\n  overflow:hidden;\n}\n#uc_post_blocks_elementor_9a965ad .ue_post_blocks_image img\n{\n  width:100%;\n  display:block;\n}\n#uc_post_blocks_elementor_9a965ad .ue_post_blocks_link a\n{\n  display:inline-block;\n  text-decoration:none;\n  text-align:center;\n}\n\n\n#uc_post_blocks_elementor_9a965ad .ue-grid-item-meta-data\n{\n  display:inlin-flex;\n  flex-wrap: wrap;\n}\n\n.ue-grid-item-meta-data\n{\n  font-size:12px;\n}\n\n#uc_post_blocks_elementor_9a965ad .ue-grid-item-meta-data-icon\n{\n  line-height:1em;\n}\n\n#uc_post_blocks_elementor_9a965ad .ue-grid-item-meta-data-icon svg\n{\n  width:1em;\n  height:1em;\n}\n\n#uc_post_blocks_elementor_9a965ad .ue_post_blocks_box{\n  display: flex;\n  flex-direction: column;\n}\n#uc_post_blocks_elementor_9a965ad .ue_post_blocks_content{\n display: flex; flex-grow: 1;\n flex-direction: column;\n}\n#uc_post_blocks_elementor_9a965ad .ue_post_blocks_link{ margin-top: auto;\n}\n\n.ue-grid-item-category a\n{\n  display:inline-block;\n  font-size:10px;\n  text-transform:uppercase;\n}\n\n\n\n\n<\/style>\n\n<div id=\"uc_post_blocks_elementor_9a965ad\" class=\"ue_post_blocks uc-items-wrapper\" >\n    <div class=\"ue_post_blocks_box\">\n    <div class=\"ue_post_blocks_image\">\n    <a href=\"https:\/\/grannyboxcrochet.com\/en\/initiation-au-tricot-conseils-et-techniques-indispensables-pour-les-debutants\/\" style=\"display:block;\"><img fetchpriority=\"high\" decoding=\"async\" src=\"https:\/\/grannyboxcrochet.com\/wp-content\/uploads\/2025\/01\/floteuil_A_realistic_yet_minimalist_illustration_showing_a_clos_196e6328-da67-41b4-9137-0a06905ba7d9_resultat-768x768.webp\"  alt=\"floteuil_A_realistic_yet_minimalist_illustration_showing_a_clos_196e6328-da67-41b4-9137-0a06905ba7d9_resultat\" width=\"768\" height=\"768\"><\/a>\n  <\/div>\n    <div class=\"ue_post_blocks_content\">\n      \n     \n         \n    <div class=\"ue_post_blocks_title\"><a href=\"https:\/\/grannyboxcrochet.com\/en\/initiation-au-tricot-conseils-et-techniques-indispensables-pour-les-debutants\/\">Initiation au Tricot : Conseils et Techniques indispensables pour les D\u00e9butants<\/a><\/div>    \n        \n    \n    <div class=\"ue_post_blocks_text\">D\u00e9butant le tricot ouvre un monde de cr\u00e9ativit\u00e9 et de bien-\u00eatre, transformant chaque pelote de laine...<\/div>        \t<div class=\"ue_post_blocks_link\">\n          <a class=\"\" href='https:\/\/grannyboxcrochet.com\/en\/initiation-au-tricot-conseils-et-techniques-indispensables-pour-les-debutants\/'>lire l'article<\/a>\n    \t<\/div>\n      <\/div>\n<\/div>\n<div class=\"ue_post_blocks_box\">\n    <div class=\"ue_post_blocks_image\">\n    <a href=\"https:\/\/grannyboxcrochet.com\/en\/techniques-et-astuces-pour-maitriser-le-tricotin-guide-complet-pour-tricoter-efficacement\/\" style=\"display:block;\"><img decoding=\"async\" src=\"https:\/\/grannyboxcrochet.com\/wp-content\/uploads\/2025\/01\/floteuil_A_minimalist_illustration_showcasing_a_single_elegantl_33f142b7-8a99-40aa-badc-d66fd103619b_resultat-768x768.webp\"  alt=\"floteuil_A_minimalist_illustration_showcasing_a_single_elegantl_33f142b7-8a99-40aa-badc-d66fd103619b_resultat\" width=\"768\" height=\"768\"><\/a>\n  <\/div>\n    <div class=\"ue_post_blocks_content\">\n      \n     \n         \n    <div class=\"ue_post_blocks_title\"><a href=\"https:\/\/grannyboxcrochet.com\/en\/techniques-et-astuces-pour-maitriser-le-tricotin-guide-complet-pour-tricoter-efficacement\/\">Techniques et Astuces pour Ma\u00eetriser le Tricotin : Guide Complet pour Tricoter Efficacement<\/a><\/div>    \n        \n    \n    <div class=\"ue_post_blocks_text\">\u00a0\nLe tricotin, cet outil ing\u00e9nieux et polyvalent, est devenu un indispensable pour les amateurs de tricot...<\/div>        \t<div class=\"ue_post_blocks_link\">\n          <a class=\"\" href='https:\/\/grannyboxcrochet.com\/en\/techniques-et-astuces-pour-maitriser-le-tricotin-guide-complet-pour-tricoter-efficacement\/'>lire l'article<\/a>\n    \t<\/div>\n      <\/div>\n<\/div>\n<div class=\"ue_post_blocks_box\">\n    <div class=\"ue_post_blocks_image\">\n    <a href=\"https:\/\/grannyboxcrochet.com\/en\/optimiser-la-taille-daiguille-pour-des-chaussettes-tricotees-parfaites-le-guide-ultime-pour-les-passionnes-de-tricot\/\" style=\"display:block;\"><img decoding=\"async\" src=\"https:\/\/grannyboxcrochet.com\/wp-content\/uploads\/2025\/02\/floteuil_A_square_button_designed_to_resemble_an_open_crochet_p_b150aed8-cd56-40de-a09e-8502daafc61c_resultat-768x768.webp\"  alt=\"floteuil_A_square_button_designed_to_resemble_an_open_crochet_p_b150aed8-cd56-40de-a09e-8502daafc61c_resultat\" width=\"768\" height=\"768\"><\/a>\n  <\/div>\n    <div class=\"ue_post_blocks_content\">\n      \n     \n         \n    <div class=\"ue_post_blocks_title\"><a href=\"https:\/\/grannyboxcrochet.com\/en\/optimiser-la-taille-daiguille-pour-des-chaussettes-tricotees-parfaites-le-guide-ultime-pour-les-passionnes-de-tricot\/\">Optimiser la Taille d'Aiguille pour des Chaussettes Tricot\u00e9es Parfaites : Le Guide Ultime pour les Passionn\u00e9s de Tricot<\/a><\/div>    \n        \n    \n    <div class=\"ue_post_blocks_text\">Dans le monde du tricot, chaque d\u00e9tail compte, surtout lorsqu&rsquo;il s&rsquo;agit de r\u00e9aliser des chaussettes...<\/div>        \t<div class=\"ue_post_blocks_link\">\n          <a class=\"\" href='https:\/\/grannyboxcrochet.com\/en\/optimiser-la-taille-daiguille-pour-des-chaussettes-tricotees-parfaites-le-guide-ultime-pour-les-passionnes-de-tricot\/'>lire l'article<\/a>\n    \t<\/div>\n      <\/div>\n<\/div>\n\n<\/div>\n<!-- end Post Blocks -->\t\t\t\t<\/div>\n\t\t\t\t<\/div>\n\t\t\t\t\t<\/div>\n\t\t\t\t<\/div>\n\t\t<div class=\"elementor-element elementor-element-162c1829 e-flex e-con-boxed e-con e-parent\" data-id=\"162c1829\" data-element_type=\"container\" data-e-type=\"container\" data-settings=\"{&quot;jet_parallax_layout_list&quot;:[]}\">\n\t\t\t\t\t<div class=\"e-con-inner\">\n\t\t\t\t<div class=\"elementor-element elementor-element-3b195300 elementor-widget elementor-widget-spacer\" data-id=\"3b195300\" data-element_type=\"widget\" data-e-type=\"widget\" data-widget_type=\"spacer.default\">\n\t\t\t\t<div class=\"elementor-widget-container\">\n\t\t\t\t\t\t\t<div class=\"elementor-spacer\">\n\t\t\t<div class=\"elementor-spacer-inner\"><\/div>\n\t\t<\/div>\n\t\t\t\t\t\t<\/div>\n\t\t\t\t<\/div>\n\t\t\t\t<div class=\"elementor-element elementor-element-1251eed0 elementor-widget elementor-widget-heading\" data-id=\"1251eed0\" data-element_type=\"widget\" data-e-type=\"widget\" data-widget_type=\"heading.default\">\n\t\t\t\t<div class=\"elementor-widget-container\">\n\t\t\t\t\t<h2 class=\"elementor-heading-title elementor-size-default\">Join us on our social media.<\/h2>\t\t\t\t<\/div>\n\t\t\t\t<\/div>\n\t\t\t\t<div class=\"elementor-element elementor-element-37d365cf elementor-widget elementor-widget-ucaddon_3d_social_icon_buttons\" data-id=\"37d365cf\" data-element_type=\"widget\" data-e-type=\"widget\" data-widget_type=\"ucaddon_3d_social_icon_buttons.default\">\n\t\t\t\t<div class=\"elementor-widget-container\">\n\t\t\t\t\t\n<!-- start 3d Social Icon Buttons -->\n\t\t<link id='uc_ac_assets_file_uc_3d_social_media_buttons_css_3283-css' href='https:\/\/grannyboxcrochet.com\/wp-content\/uploads\/ac_assets\/3d_social_media_buttons\/uc_3d_social_media_buttons.css' type='text\/css' rel='stylesheet' >\n\n\n<div class=\"uc_3d_social_media_buttons\"> \n        <div class=\"uc_3d_social-icon\">\n            <ul>\n               <li><a href=\"#\" class=\"uc_twitter-small\" style=\"background-color:#a19bf8; box-shadow: 0 6px 0 #2695bc;\" ><i class=\"icon icon-instagram-1\" aria-hidden=\"true\"><\/i><\/a><\/li>\n<li><a href=\"#\" class=\"uc_twitter-small\" style=\"background-color:#a19bf8; box-shadow: 0 6px 0 #2695bc;\" ><i class=\"fab fa-facebook-f\" aria-hidden=\"true\"><\/i><\/a><\/li>\n<li><a href=\"#\" class=\"uc_twitter-small\" style=\"background-color:#a19bf8; box-shadow: 0 6px 0 #2695bc;\" ><i class=\"fab fa-linkedin\" aria-hidden=\"true\"><\/i><\/a><\/li>\n \n\t\t\t<\/ul>\n\t\t<\/div>\n    <\/div>\n<!-- end 3d Social Icon Buttons -->\t\t\t\t<\/div>\n\t\t\t\t<\/div>\n\t\t\t\t<div class=\"elementor-element elementor-element-364e8ace elementor-widget elementor-widget-text-editor\" data-id=\"364e8ace\" data-element_type=\"widget\" data-e-type=\"widget\" data-widget_type=\"text-editor.default\">\n\t\t\t\t<div class=\"elementor-widget-container\">\n\t\t\t\t\t\t\t\t\t<p><strong>With Granny Box Crochet, every stitch counts, and every creation has a soul<\/strong><\/p>\t\t\t\t\t\t\t\t<\/div>\n\t\t\t\t<\/div>\n\t\t\t\t\t<\/div>\n\t\t\t\t<\/div>\n\t\t\t\t<\/div>","protected":false},"excerpt":{"rendered":"<p>Nos diff\u00e9rentes contributions. Plongez dans nos astuces, conseils et tutoriels pour d\u00e9couvrir les mille et une possibilit\u00e9s qu\u2019offre le crochet. [&hellip;]<\/p>\n","protected":false},"author":1,"featured_media":234,"parent":0,"menu_order":0,"comment_status":"closed","ping_status":"closed","template":"","meta":{"site-sidebar-layout":"no-sidebar","site-content-layout":"","ast-site-content-layout":"full-width-container","site-content-style":"default","site-sidebar-style":"default","ast-global-header-display":"","ast-banner-title-visibility":"","ast-main-header-display":"","ast-hfb-above-header-display":"","ast-hfb-below-header-display":"","ast-hfb-mobile-header-display":"","site-post-title":"disabled","ast-breadcrumbs-content":"","ast-featured-img":"disabled","footer-sml-layout":"","ast-disable-related-posts":"","theme-transparent-header-meta":"","adv-header-id-meta":"","stick-header-meta":"","header-above-stick-meta":"","header-main-stick-meta":"","header-below-stick-meta":"","astra-migrate-meta-layouts":"default","ast-page-background-enabled":"default","ast-page-background-meta":{"desktop":{"background-color":"var(--ast-global-color-5)","background-image":"","background-repeat":"repeat","background-position":"center center","background-size":"auto","background-attachment":"scroll","background-type":"","background-media":"","overlay-type":"","overlay-color":"","overlay-opacity":"","overlay-gradient":""},"tablet":{"background-color":"","background-image":"","background-repeat":"repeat","background-position":"center center","background-size":"auto","background-attachment":"scroll","background-type":"","background-media":"","overlay-type":"","overlay-color":"","overlay-opacity":"","overlay-gradient":""},"mobile":{"background-color":"","background-image":"","background-repeat":"repeat","background-position":"center center","background-size":"auto","background-attachment":"scroll","background-type":"","background-media":"","overlay-type":"","overlay-color":"","overlay-opacity":"","overlay-gradient":""}},"ast-content-background-meta":{"desktop":{"background-color":"var(--ast-global-color-4)","background-image":"","background-repeat":"repeat","background-position":"center center","background-size":"auto","background-attachment":"scroll","background-type":"","background-media":"","overlay-type":"","overlay-color":"","overlay-opacity":"","overlay-gradient":""},"tablet":{"background-color":"var(--ast-global-color-4)","background-image":"","background-repeat":"repeat","background-position":"center center","background-size":"auto","background-attachment":"scroll","background-type":"","background-media":"","overlay-type":"","overlay-color":"","overlay-opacity":"","overlay-gradient":""},"mobile":{"background-color":"var(--ast-global-color-4)","background-image":"","background-repeat":"repeat","background-position":"center center","background-size":"auto","background-attachment":"scroll","background-type":"","background-media":"","overlay-type":"","overlay-color":"","overlay-opacity":"","overlay-gradient":""}},"_glsr_average":0,"_glsr_ranking":0,"_glsr_reviews":0,"footnotes":""},"class_list":["post-47","page","type-page","status-publish","has-post-thumbnail","hentry"],"_links":{"self":[{"href":"https:\/\/grannyboxcrochet.com\/en\/wp-json\/wp\/v2\/pages\/47","targetHints":{"allow":["GET"]}}],"collection":[{"href":"https:\/\/grannyboxcrochet.com\/en\/wp-json\/wp\/v2\/pages"}],"about":[{"href":"https:\/\/grannyboxcrochet.com\/en\/wp-json\/wp\/v2\/types\/page"}],"author":[{"embeddable":true,"href":"https:\/\/grannyboxcrochet.com\/en\/wp-json\/wp\/v2\/users\/1"}],"replies":[{"embeddable":true,"href":"https:\/\/grannyboxcrochet.com\/en\/wp-json\/wp\/v2\/comments?post=47"}],"version-history":[{"count":10,"href":"https:\/\/grannyboxcrochet.com\/en\/wp-json\/wp\/v2\/pages\/47\/revisions"}],"predecessor-version":[{"id":430,"href":"https:\/\/grannyboxcrochet.com\/en\/wp-json\/wp\/v2\/pages\/47\/revisions\/430"}],"wp:featuredmedia":[{"embeddable":true,"href":"https:\/\/grannyboxcrochet.com\/en\/wp-json\/wp\/v2\/media\/234"}],"wp:attachment":[{"href":"https:\/\/grannyboxcrochet.com\/en\/wp-json\/wp\/v2\/media?parent=47"}],"curies":[{"name":"wp","href":"https:\/\/api.w.org\/{rel}","templated":true}]}}