{"id":390,"date":"2025-02-20T10:45:34","date_gmt":"2025-02-20T10:45:34","guid":{"rendered":"https:\/\/grannyboxcrochet.com\/?page_id=390"},"modified":"2025-02-20T10:45:35","modified_gmt":"2025-02-20T10:45:35","slug":"1-lutilisation-de-cookies","status":"publish","type":"page","link":"https:\/\/grannyboxcrochet.com\/en\/1-lutilisation-de-cookies\/","title":{"rendered":"1. L\u2019utilisation de cookies"},"content":{"rendered":"<p>Notre site internet&nbsp;https:\/\/floteuil.com\/&nbsp;utilise des cookies. Un cookie est un petit fichier qui est envoy\u00e9 avec les pages de ce site Web et\/ou les applications Flash et qui est stock\u00e9 par votre navigateur sur votre disque dur \u00e0 partir de votre ordinateur, t\u00e9l\u00e9phone portable, montre connect\u00e9e ou tablette. Les informations qui y sont stock\u00e9es peuvent \u00eatre retourn\u00e9es \u00e0 nos serveurs lors d\u2019une visite ult\u00e9rieure.<\/p>\n\n\n\n<p>L\u2019utilisation de cookies est d\u2019une grande importance pour le bon fonctionnement de notre site web. Gr\u00e2ce \u00e0 la contribution (anonyme) des visiteurs, nous pouvons am\u00e9liorer l\u2019utilisation du site internet&nbsp;et le rendre plus convivial.<\/p>\n\n\n\n<h2 class=\"wp-block-heading\">2. Consentement<\/h2>\n\n\n\n<p>Votre consentement est requis pour l\u2019utilisation de certains cookies. Nous le recueillons&nbsp;au moyen d\u2019une banni\u00e8re informative.<\/p>\n\n\n\n<h2 class=\"wp-block-heading\">3. Les types de cookies utilis\u00e9s et leurs objectifs<\/h2>\n\n\n\n<p>Nous utilisons les cookies suivants :<\/p>\n\n\n\n<p>\u2013 Cookies fonctionnels : ils nous permettent d\u2019am\u00e9liorer le fonctionnement du site internet et de le rendre plus convivial pour le visiteur. Par exemple, nous stockons vos donn\u00e9es de connexion.<\/p>\n\n\n\n<p>\u2013 Cookies de mesure d\u2019audience&nbsp;: ils garantissent qu\u2019un cookie anonyme est g\u00e9n\u00e9r\u00e9 \u00e0 chaque fois que vous visitez un site internet. Ces cookies permettent de savoir si vous avez d\u00e9j\u00e0 visit\u00e9 le site auparavant ou non. Ce n\u2019est que lors de la premi\u00e8re visite qu\u2019un cookie est cr\u00e9\u00e9. Lors des visites suivantes, l\u2019utilisation du cookie d\u00e9j\u00e0 existant est automatique. Ce cookie n\u2019est utilis\u00e9 qu\u2019\u00e0 des fins statistiques.<\/p>\n\n\n\n<p>\u2013 Cookies de suivi :&nbsp;ils permettent d\u2019analyser votre navigation, vos habitudes de consultation ou de consommation sur les sites du r\u00e9seau, dans le but de vous proposer des publicit\u00e9s cibl\u00e9es ou des services personnalis\u00e9s.&nbsp;&nbsp;Le profil qui est \u00e9tabli en fonction de ces donn\u00e9es n\u2019est pas li\u00e9 \u00e0 votre nom, adresse, email, etc., mais sert uniquement \u00e0 faire correspondre les publicit\u00e9s \u00e0 votre profil, afin qu\u2019elles soient aussi pertinentes que possible pour vous. Nous recueillons&nbsp;votre consentement pour ces cookies. Ils ne seront pas install\u00e9s sans votre consentement.<\/p>\n\n\n\n<p>\u2013 Cookies des tiers : ils permettent de suivre les pages que vous visitez sur Internet afin de cr\u00e9er votre profil personnel. Ce profil n\u2019est pas li\u00e9 \u00e0 votre nom, adresse, email etc., comme indiqu\u00e9 plus haut,&nbsp;mais sert uniquement \u00e0 vous identifier comme un visiteur unique et \u00e0&nbsp;adapter les annonces publicitaires \u00e0 votre profil afin qu\u2019elles soient aussi pertinentes que possible pour vous. Nous recueillons&nbsp;votre consentement pour ces cookies. Ces cookies ne seront pas install\u00e9s sans votre consentement.<\/p>\n\n\n\n<p>\u2013 Cookies li\u00e9s aux r\u00e9seaux sociaux : ils permettent aux r\u00e9seaux sociaux&nbsp;d\u2019enregistrer les articles et les pages que vous partagez via leurs boutons de partage. Ils peuvent \u00e9galement contenir des cookies de suivi qui tracent votre comportement de navigation sur internet.<\/p>\n\n\n\n<p>\u2013 Cookies d\u2019am\u00e9lioration du site : ils permettent de tester diff\u00e9rentes versions d\u2019une page internet afin de savoir quelle page est mieux utilis\u00e9e.<\/p>\n\n\n\n<h3 class=\"wp-block-heading\">3 bis. Liste des cookies utilis\u00e9s<\/h3>\n\n\n\n<p>Cookies Google :<\/p>\n\n\n\n<ul class=\"wp-block-list\">\n<li>Google analytics : permet de mesurer l\u2019audience du site.<\/li>\n<\/ul>\n\n\n\n<p>Cookies Facebook :<\/p>\n\n\n\n<ul class=\"wp-block-list\">\n<li>Facebook connect : permet de s\u2019identifier \u00e0 l\u2019aide de son compte Facebook.<\/li>\n\n\n\n<li>Facebook social plugins : permet de liker, partager, commenter du contenu avec un\u00a0compte Facebook.<\/li>\n\n\n\n<li>Facebook Custom Audience : permet d\u2019int\u00e9rargir avec l\u2019audience sur Facebook.<\/li>\n<\/ul>\n\n\n\n<p>Cookies Instagram:<\/p>\n\n\n\n<h2 class=\"wp-block-heading\">4. Vos droits \u00e0 l\u2019\u00e9gard de vos donn\u00e9es personnelles<\/h2>\n\n\n\n<p>Vous disposez d\u2019un droit d\u2019acc\u00e8s, de rectification, de limitation et de suppression de vos donn\u00e9es personnelles. En outre, vous avez le droit de vous opposer au traitement des donn\u00e9es personnelles et le droit \u00e0 la transf\u00e9rabilit\u00e9 de vos donn\u00e9es. Vous pouvez exercer ces droits en nous envoyant un email \u00e0 l\u2019adresse suivante&nbsp;adnstshirt@gmail.com. Afin de pr\u00e9venir les abus, nous pouvons vous demander de vous identifier sur notre site. Lorsqu\u2019il s\u2019agit d\u2019acc\u00e9der \u00e0 des donn\u00e9es personnelles li\u00e9es \u00e0 un cookie, nous vous demandons de nous envoyer une copie du cookie en question. Vous pouvez les trouver dans les param\u00e8tres de votre navigateur.<\/p>\n\n\n\n<h2 class=\"wp-block-heading\">5. Blocage et suppression des cookies<\/h2>\n\n\n\n<p>Vous pouvez facilement bloquer et supprimer vous-m\u00eame les cookies \u00e0 tout moment par&nbsp;votre navigateur Internet. Vous pouvez \u00e9galement configurer votre navigateur Internet de mani\u00e8re \u00e0 recevoir un message lorsqu\u2019un cookie est install\u00e9. Vous pouvez \u00e9galement indiquer que certains cookies ne peuvent pas \u00eatre install\u00e9s. Pour cela, veuillez consultez la fonction d\u2019aide de votre navigateur. Si vous supprimez les cookies de votre navigateur, cela peut avoir des cons\u00e9quences sur l\u2019utilisation de notre site internet.<\/p>\n\n\n\n<p>Certains cookies de suivi sont install\u00e9s par des tiers qui vous affichent des publicit\u00e9s via notre site Web. Vous pouvez supprimer ces cookies de mani\u00e8re centralis\u00e9e via&nbsp;<a href=\"http:\/\/www.youronlinechoices.eu\/\" target=\"_blank\" rel=\"noreferrer noopener\">www.youronlinechoices.eu<\/a>.<\/p>\n\n\n\n<p>Veuillez noter que si vous ne voulez pas de cookies, nous ne serons plus en mesure de garantir le bon fonctionnement de notre site Web. Certaines caract\u00e9ristiques du site peuvent \u00eatre alt\u00e9r\u00e9es et dans certains cas, vous ne pourrez plus acc\u00e9der au site. De plus, le refus des cookies ne signifie pas que vous ne verrez aucune publicit\u00e9. Les annonces ne sont plus adapt\u00e9es \u00e0 vos centres d\u2019int\u00e9r\u00eat et peuvent donc appara\u00eetre plus souvent.<\/p>\n\n\n\n<p>Les \u00e9tapes \u00e0 suivre pour ajuster vos param\u00e8tres varient d\u2019un navigateur \u00e0 un autre. Si n\u00e9cessaire, consultez la fonction d\u2019aide de votre navigateur, ou rendez-vous sur l\u2019un des liens ci-dessous pour acc\u00e9der directement au manuel de votre navigateur.<\/p>\n\n\n\n<p>Firefox :&nbsp;<a href=\"https:\/\/support.mozilla.org\/fr\/kb\/effacer-les-cookies-pour-supprimer-les-information\" target=\"_blank\" rel=\"noreferrer noopener\">https:\/\/support.mozilla.org\/fr\/kb\/effacer-les-cookies-pour-supprimer-les-information<\/a><\/p>\n\n\n\n<p>Google Chrome :&nbsp;<a href=\"https:\/\/support.google.com\/chrome\/answer\/95647?co=GENIE.Platform=Desktop&amp;hl=fr\" target=\"_blank\" rel=\"noreferrer noopener\">https:\/\/support.google.com\/chrome\/answer\/95647?co=GENIE.Platform=Desktop&amp;hl=fr<\/a><\/p>\n\n\n\n<p>Internet Explorer :&nbsp;<a href=\"https:\/\/support.microsoft.com\/fr-fr\/help\/278835\/how-to-delete-cookie-files-in-internet-explorer\" target=\"_blank\" rel=\"noreferrer noopener\">https:\/\/support.microsoft.com\/fr-fr\/help\/278835\/how-to-delete-cookie-files-in-internet-explorer<\/a><\/p>\n\n\n\n<p>Safari :&nbsp;<a href=\"https:\/\/support.apple.com\/kb\/ph21411?locale=fr_FR\" target=\"_blank\" rel=\"noreferrer noopener\">https:\/\/support.apple.com\/kb\/ph21411?locale=fr_FR<\/a><\/p>\n\n\n\n<h2 class=\"wp-block-heading\">6. Nouveaux d\u00e9veloppements et cookies non pr\u00e9vus<\/h2>\n\n\n\n<p>Sur certaines de nos pages, nous pouvons utiliser du contenu qui est h\u00e9berg\u00e9 sur d\u2019autres sites et qui est rendu accessible sur notre site internet&nbsp;au moyen de certains codes (contenu int\u00e9gr\u00e9).&nbsp; Ces codes utilisent souvent des cookies. Nous n\u2019avons cependant&nbsp;aucun contr\u00f4le sur ce que ces tiers font de leurs cookies.<\/p>\n\n\n\n<p>Il est \u00e9galement possible que, par l\u2019interm\u00e9diaire de notre site internet, des cookies soient plac\u00e9s par d\u2019autres personnes. Vous avez trouv\u00e9 sur notre site internet des cookies que nous n\u2019avons pas identifi\u00e9s&nbsp;? Veuillez nous le faire savoir par mail. Vous pouvez \u00e9galement contacter directement le tiers et lui demander quels cookies il place, quelle en est la raison, quelle est la dur\u00e9e de vie du cookie et quelles sont les mesures pour prot\u00e9ger votre vie priv\u00e9e.&nbsp;<\/p>\n\n\n\n<h2 class=\"wp-block-heading\">7. Remarques<\/h2>\n\n\n\n<p>Nous devrons mettre \u00e0 jour cette politique d\u2019utilisation des cookies r\u00e9guli\u00e8rement&nbsp;par exemple lorsque nous modifions notre site Web ou les r\u00e8gles le concernant. Nous vous prions de consulter cette page&nbsp;pour prendre connaissance de la derni\u00e8re version de notre politique d\u2019utilisation des cookies. &nbsp;&nbsp;<\/p>\n\n\n\n<p>Si vous avez des questions et\/ou des commentaires, veuillez nous contacter \u00e0 l\u2019adresse e-mail suivante\u00a0:granny.box.crochet@gmail.com<\/p>\n\n\n\n<p><\/p>","protected":false},"excerpt":{"rendered":"<p>Notre site internet&nbsp;https:\/\/floteuil.com\/&nbsp;utilise des cookies. Un cookie est un petit fichier qui est envoy\u00e9 avec les pages de ce site [&hellip;]<\/p>\n","protected":false},"author":1,"featured_media":0,"parent":0,"menu_order":0,"comment_status":"closed","ping_status":"closed","template":"","meta":{"site-sidebar-layout":"default","site-content-layout":"","ast-site-content-layout":"default","site-content-style":"default","site-sidebar-style":"default","ast-global-header-display":"","ast-banner-title-visibility":"","ast-main-header-display":"","ast-hfb-above-header-display":"","ast-hfb-below-header-display":"","ast-hfb-mobile-header-display":"","site-post-title":"","ast-breadcrumbs-content":"","ast-featured-img":"","footer-sml-layout":"","ast-disable-related-posts":"","theme-transparent-header-meta":"","adv-header-id-meta":"","stick-header-meta":"","header-above-stick-meta":"","header-main-stick-meta":"","header-below-stick-meta":"","astra-migrate-meta-layouts":"default","ast-page-background-enabled":"default","ast-page-background-meta":{"desktop":{"background-color":"var(--ast-global-color-5)","background-image":"","background-repeat":"repeat","background-position":"center center","background-size":"auto","background-attachment":"scroll","background-type":"","background-media":"","overlay-type":"","overlay-color":"","overlay-opacity":"","overlay-gradient":""},"tablet":{"background-color":"","background-image":"","background-repeat":"repeat","background-position":"center center","background-size":"auto","background-attachment":"scroll","background-type":"","background-media":"","overlay-type":"","overlay-color":"","overlay-opacity":"","overlay-gradient":""},"mobile":{"background-color":"","background-image":"","background-repeat":"repeat","background-position":"center center","background-size":"auto","background-attachment":"scroll","background-type":"","background-media":"","overlay-type":"","overlay-color":"","overlay-opacity":"","overlay-gradient":""}},"ast-content-background-meta":{"desktop":{"background-color":"var(--ast-global-color-4)","background-image":"","background-repeat":"repeat","background-position":"center center","background-size":"auto","background-attachment":"scroll","background-type":"","background-media":"","overlay-type":"","overlay-color":"","overlay-opacity":"","overlay-gradient":""},"tablet":{"background-color":"var(--ast-global-color-4)","background-image":"","background-repeat":"repeat","background-position":"center center","background-size":"auto","background-attachment":"scroll","background-type":"","background-media":"","overlay-type":"","overlay-color":"","overlay-opacity":"","overlay-gradient":""},"mobile":{"background-color":"var(--ast-global-color-4)","background-image":"","background-repeat":"repeat","background-position":"center center","background-size":"auto","background-attachment":"scroll","background-type":"","background-media":"","overlay-type":"","overlay-color":"","overlay-opacity":"","overlay-gradient":""}},"_glsr_average":0,"_glsr_ranking":0,"_glsr_reviews":0,"footnotes":""},"class_list":["post-390","page","type-page","status-publish","hentry"],"_links":{"self":[{"href":"https:\/\/grannyboxcrochet.com\/en\/wp-json\/wp\/v2\/pages\/390","targetHints":{"allow":["GET"]}}],"collection":[{"href":"https:\/\/grannyboxcrochet.com\/en\/wp-json\/wp\/v2\/pages"}],"about":[{"href":"https:\/\/grannyboxcrochet.com\/en\/wp-json\/wp\/v2\/types\/page"}],"author":[{"embeddable":true,"href":"https:\/\/grannyboxcrochet.com\/en\/wp-json\/wp\/v2\/users\/1"}],"replies":[{"embeddable":true,"href":"https:\/\/grannyboxcrochet.com\/en\/wp-json\/wp\/v2\/comments?post=390"}],"version-history":[{"count":1,"href":"https:\/\/grannyboxcrochet.com\/en\/wp-json\/wp\/v2\/pages\/390\/revisions"}],"predecessor-version":[{"id":391,"href":"https:\/\/grannyboxcrochet.com\/en\/wp-json\/wp\/v2\/pages\/390\/revisions\/391"}],"wp:attachment":[{"href":"https:\/\/grannyboxcrochet.com\/en\/wp-json\/wp\/v2\/media?parent=390"}],"curies":[{"name":"wp","href":"https:\/\/api.w.org\/{rel}","templated":true}]}}