{"id":3,"date":"2025-01-17T17:44:08","date_gmt":"2025-01-17T17:44:08","guid":{"rendered":"http:\/\/grannyboxcrochet.com\/?page_id=3"},"modified":"2025-02-20T10:41:33","modified_gmt":"2025-02-20T10:41:33","slug":"privacy-policy","status":"publish","type":"page","link":"https:\/\/grannyboxcrochet.com\/en\/privacy-policy\/","title":{"rendered":"Privacy Policy"},"content":{"rendered":"<div data-elementor-type=\"wp-page\" data-elementor-id=\"3\" class=\"elementor elementor-3\">\n\t\t\t\t<div class=\"elementor-element elementor-element-40f377b9 e-flex e-con-boxed e-con e-parent\" data-id=\"40f377b9\" data-element_type=\"container\" data-e-type=\"container\" data-settings=\"{&quot;jet_parallax_layout_list&quot;:[]}\">\n\t\t\t\t\t<div class=\"e-con-inner\">\n\t\t\t\t<div class=\"elementor-element elementor-element-4b3c1984 elementor-widget elementor-widget-text-editor\" data-id=\"4b3c1984\" data-element_type=\"widget\" data-e-type=\"widget\" data-widget_type=\"text-editor.default\">\n\t\t\t\t<div class=\"elementor-widget-container\">\n\t\t\t\t\t\t\t\t\t\n<p><b>Article 1 &#8211; Collecte et protection des donn\u00e9es<\/b><\/p>\n<p>Vos donn\u00e9es sont collect\u00e9es par la soci\u00e9t\u00e9 Granny Box EI<\/p>\n<p>\u00a0Une donn\u00e9e \u00e0 caract\u00e8re personnel d\u00e9signe toute information concernant une personne physique identifi\u00e9e ou identifiable (personne concern\u00e9e) ; est r\u00e9put\u00e9e identifiable une personne qui peut \u00eatre identifi\u00e9e, directement ou indirectement, notamment par r\u00e9f\u00e9rence \u00e0 un nom, un num\u00e9ro d\u2019identification ou \u00e0 un ou plusieurs \u00e9l\u00e9ments sp\u00e9cifiques, propres \u00e0 son identit\u00e9 physique, physiologique, g\u00e9n\u00e9tique, psychique, \u00e9conomique, culturelle ou sociale.\u00a0<\/p>\n<p>Les informations personnelles pouvant \u00eatre recueillies sur le site sont principalement utilis\u00e9es par l\u2019\u00e9diteur pour la gestion des relations avec vous, et le cas \u00e9ch\u00e9ant pour le traitement de vos commandes. Les donn\u00e9es personnelles collect\u00e9es sont les suivantes :<\/p>\n<p>\u00a0\u2013 nom et pr\u00e9nom\u00a0<\/p>\n<p>\u2013 adresse\u00a0<\/p>\n<p>\u2013 adresse mail\u00a0<\/p>\n<p>\u2013 num\u00e9ro de t\u00e9l\u00e9phone\u00a0<\/p>\n<p>\u2013 donn\u00e9es financi\u00e8res : dans le cadre du paiement des produits et prestations propos\u00e9s sur la Plateforme, celle-ci enregistre des donn\u00e9es financi\u00e8res relatives \u00e0 la carte de cr\u00e9dit de l\u2019utilisateur.<\/p>\n<p><b>Article 2 &#8211; Droit d\u2019acc\u00e8s, de rectification et de d\u00e9r\u00e9f\u00e9rencement de vos donn\u00e9es<\/b><\/p>\n<p>En application de la r\u00e9glementation applicable aux donn\u00e9es \u00e0 caract\u00e8re personnel, les utilisateurs disposent des droits suivants :<\/p>\n<p>\u00a0<\/p>\n<p>le droit d\u2019acc\u00e8s : ils peuvent exercer leur droit d\u2019acc\u00e8s, pour conna\u00eetre les donn\u00e9es personnelles les concernant, en \u00e9crivant \u00e0 l\u2019adresse \u00e9lectronique ci-dessous mentionn\u00e9e.<\/p>\n<p>\u00a0<\/p>\n<p>Dans ce cas, avant la mise en \u0153uvre de ce droit, la Plateforme peut demander une preuve de l\u2019identit\u00e9 de l\u2019utilisateur afin d\u2019en v\u00e9rifier l\u2019exactitude ;<br \/>le droit de rectification : si les donn\u00e9es \u00e0 caract\u00e8re personnel d\u00e9tenues par la Plateforme sont inexactes, ils peuvent demander la mise \u00e0 jour des informations ;<\/p>\n<p>-le droit de suppression des donn\u00e9es : les utilisateurs peuvent demander la suppression de leurs donn\u00e9es \u00e0 caract\u00e8re personnel, conform\u00e9ment aux lois applicables en mati\u00e8re de protection des donn\u00e9es ;<br \/>-le droit \u00e0 la limitation du traitement : les utilisateurs peuvent demander \u00e0 la Plateforme de limiter le traitement des donn\u00e9es personnelles conform\u00e9ment aux hypoth\u00e8ses pr\u00e9vues par le RGPD ;<br \/>-le droit de s\u2019opposer au traitement des donn\u00e9es : les utilisateurs peuvent s\u2019opposer \u00e0 ce que leurs donn\u00e9es soient trait\u00e9es conform\u00e9ment aux hypoth\u00e8ses pr\u00e9vues par le RGPD ;<br \/>-le droit \u00e0 la portabilit\u00e9 : ils peuvent r\u00e9clamer que la Plateforme leur remette les donn\u00e9es personnelles qu\u2019ils ont fournies pour les transmettre \u00e0 une nouvelle Plateforme.<\/p>\n<p>Vous pouvez exercer ce droit en nous contactant, \u00e0 l\u2019adresse suivante :<\/p>\n<p>84 rue Corneille, appartement 03 Villeneuve-d\u2019Ascq 59650<\/p>\n<p>Ou par email, \u00e0 l\u2019adresse :<\/p>\n<p>granny.box.crochet@gmail.com\u00a0<\/p>\n<p>Toute demande doit \u00eatre accompagn\u00e9e de la photocopie d\u2019un titre d\u2019identit\u00e9 en cours de validit\u00e9 sign\u00e9 et faire mention de l\u2019adresse \u00e0 laquelle l\u2019\u00e9diteur pourra contacter le demandeur. La r\u00e9ponse sera adress\u00e9e dans le mois suivant la r\u00e9ception de la demande.\u00a0<\/p>\n<p>Ce d\u00e9lai d\u2019un mois peut \u00eatre prolong\u00e9 de deux mois si la complexit\u00e9 de la demande et\/ou le nombre de demandes l\u2019exigent.<\/p>\n<p>\u00a0<\/p>\n<p>De plus, et depuis la loi n\u00b02016-1321 du 7 octobre 2016, les personnes qui le souhaitent, ont la possibilit\u00e9 d\u2019organiser le sort de leurs donn\u00e9es apr\u00e8s leur d\u00e9c\u00e8s. Pour plus d\u2019information sur le sujet, vous pouvez consulter le site Internet de la CNIL : https:\/\/www.cnil.fr\/.<\/p>\n<p>\u00a0<\/p>\n<p>Les utilisateurs peuvent aussi introduire une r\u00e9clamation aupr\u00e8s de la CNIL sur le site de la CNIL : https:\/\/www.cnil.fr.<\/p>\n<p>Nous vous recommandons de nous contacter dans un premier temps avant de d\u00e9poser une r\u00e9clamation aupr\u00e8s de la CNIL, car nous sommes \u00e0 votre enti\u00e8re disposition pour r\u00e9gler votre probl\u00e8me.<\/p>\n<p><b>Article 3 &#8211; Utilisation des donn\u00e9es<\/b><\/p>\n<p>Les donn\u00e9es personnelles collect\u00e9es aupr\u00e8s des utilisateurs ont pour objectif la mise \u00e0 disposition des services de la Plateforme, leur am\u00e9lioration et le maintien d\u2019un environnement s\u00e9curis\u00e9. La base l\u00e9gale des traitements est l\u2019ex\u00e9cution du contrat entre l\u2019utilisateur et la Plateforme. Plus pr\u00e9cis\u00e9ment, les utilisations sont les suivantes :\u00a0<\/p>\n<p>\u2013 acc\u00e8s et utilisation de la Plateforme par l\u2019utilisateur ;<\/p>\n<p>\u00a0\u2013 gestion du fonctionnement et optimisation de la Plateforme ;\u00a0<\/p>\n<p>\u2013 mise en \u0153uvre d\u2019une assistance utilisateurs ;<\/p>\n<p>\u00a0\u2013 v\u00e9rification, identification et authentification des donn\u00e9es transmises par l\u2019utilisateur ;<\/p>\n<p>\u00a0\u2013 personnalisation des services en affichant des publicit\u00e9s en fonction de l\u2019historique de navigation de l\u2019utilisateur, selon ses pr\u00e9f\u00e9rences ;\u00a0<\/p>\n<p>\u2013 pr\u00e9vention et d\u00e9tection des fraudes, malwares (malicious softwares ou logiciels malveillants) et gestion des incidents de s\u00e9curit\u00e9 ;\u00a0<\/p>\n<p>\u2013 gestion des \u00e9ventuels litiges avec les utilisateurs ;<\/p>\n<p>\u00a0\u2013 envoi d\u2019informations commerciales et publicitaires, en fonction des pr\u00e9f\u00e9rences de l\u2019utilisateur ;\u00a0<\/p>\n<p>\u2013 organisation des conditions d\u2019utilisation des Services de paiement.<\/p>\n<p><b>Article 4 &#8211; Politique de conservation des donn\u00e9es<\/b><\/p>\n<p>La Plateforme conserve vos donn\u00e9es pour la dur\u00e9e n\u00e9cessaire pour vous fournir ses services ou son assistance. Dans la mesure raisonnablement n\u00e9cessaire ou requise pour satisfaire aux obligations l\u00e9gales ou r\u00e9glementaires, r\u00e9gler des litiges, emp\u00eacher les fraudes et abus ou appliquer nos modalit\u00e9s et conditions, nous pouvons \u00e9galement conserver certaines de vos informations si n\u00e9cessaire, m\u00eame apr\u00e8s que vous ayez ferm\u00e9 votre compte ou que nous n\u2019ayons plus besoin pour vous fournir nos services.<\/p>\n<p><b>Article 5- Partage des donn\u00e9es personnelles avec des tiers<\/b><\/p>\n<p>Les donn\u00e9es personnelles peuvent \u00eatre partag\u00e9es avec des soci\u00e9t\u00e9s tierces exclusivement dans l\u2019Union europ\u00e9enne, dans les cas suivants :<\/p>\n<p>\u2013 quand l\u2019utilisateur utilise les services de paiement, pour la mise en \u0153uvre de ces services, la Plateforme est en relation avec des soci\u00e9t\u00e9s bancaires et financi\u00e8res tierces avec lesquelles elle a pass\u00e9 des contrats ;<\/p>\n<p>\u2013 lorsque l\u2019utilisateur publie, dans les zones de commentaires libres de la Plateforme, des informations accessibles au public ;<\/p>\n<p>\u2013 quand l\u2019utilisateur autorise le site web d\u2019un tiers \u00e0 acc\u00e9der \u00e0 ses donn\u00e9es ;<\/p>\n<p>\u2013 quand la Plateforme recourt aux services de prestataires pour fournir l\u2019assistance utilisateurs, la publicit\u00e9 et les services de paiement. Ces prestataires disposent d\u2019un acc\u00e8s limit\u00e9 aux donn\u00e9es de l\u2019utilisateur, dans le cadre de l\u2019ex\u00e9cution de ces prestations, et ont l\u2019obligation contractuelle de les utiliser en conformit\u00e9 avec les dispositions de la r\u00e9glementation applicable en mati\u00e8re protection des donn\u00e9es \u00e0 caract\u00e8re personnel ;<\/p>\n<p>\u2013 si la loi l\u2019exige, la Plateforme peut effectuer la transmission de donn\u00e9es pour donner suite aux r\u00e9clamations pr\u00e9sent\u00e9es contre la Plateforme et se conformer aux proc\u00e9dures administratives et judiciaires.<\/p>\n<p><b>Article 6 &#8211; Offres commerciales<\/b><\/p>\n<p>Vous \u00eates susceptible de recevoir des offres commerciales de l\u2019\u00e9diteur. Si vous ne le souhaitez pas, veuillez envoy\u00e9<span class=\"Apple-converted-space\">\u00a0 <\/span>un mail \u00e0 granny.box.crochet@gmail.com\u00a0<\/p>\n<p>\u00a0<\/p>\n<p>Vos donn\u00e9es sont susceptibles d\u2019\u00eatre utilis\u00e9es par les partenaires de l\u2019\u00e9diteur \u00e0 des fins de prospection commerciale, si vous ne le souhaitez pas, veuillez envoy\u00e9<span class=\"Apple-converted-space\">\u00a0 <\/span>un mail \u00e0 granny.box.crochet@gmail.com\u00a0<\/p>\n<p>\u00a0<\/p>\n<p>\u00a0<\/p>\n<p>Si, lors de la consultation du site, vous acc\u00e9dez \u00e0 des donn\u00e9es \u00e0 caract\u00e8re personnel, vous devez vous abstenir de toute collecte, de toute utilisation non autoris\u00e9e et de tout acte pouvant constituer une atteinte \u00e0 la vie priv\u00e9e ou \u00e0 la r\u00e9putation des personnes. L\u2019\u00e9diteur d\u00e9cline toute responsabilit\u00e9 \u00e0 cet \u00e9gard.<\/p>\n<p>\u00a0<\/p>\n<p>Les donn\u00e9es sont conserv\u00e9es et utilis\u00e9es pour une dur\u00e9e conforme \u00e0 la l\u00e9gislation en vigueur.<\/p>\n<p>\u00a0<\/p>\n<p><b>Article 7 &#8211; Paiement s\u00e9curis\u00e9<\/b><\/p>\n<p>Toutes les commandes sont payables en euros.<\/p>\n<p>Le prix factur\u00e9 au client est le prix indiqu\u00e9 au sein de la confirmation de la commande adress\u00e9e au client par email.<\/p>\n<p>La commande est payable imm\u00e9diatement, par carte bancaire (CB, Visa, MasterCard, ). Les transactions effectu\u00e9es sur le site sont confi\u00e9es \u00e0 une plateforme de paiement en ligne s\u00e9curis\u00e9e Stripe<\/p>\n<p>Elles sont s\u00e9curis\u00e9es par une solution qui pr\u00e9sente des pages hautement s\u00e9curis\u00e9es pour la saisie des donn\u00e9es de paiement : num\u00e9ro de carte, date d\u2019expiration et le cryptogramme visuel. Cette plateforme crypte puis transmet ces donn\u00e9es de paiement vers la banque, en toute confidentialit\u00e9 et les rend inaccessibles \u00e0 un tiers.<\/p>\n<p>Le Client garantit \u00e0\u00a0Granny Box EI \u00a0 qu\u2019il est pleinement autoris\u00e9 \u00e0 utiliser la carte de paiement pour le paiement de sa commande et que ces moyens de paiement donnent l\u00e9galement acc\u00e8s \u00e0 des fonds suffisants pour couvrir tous les co\u00fbts r\u00e9sultant de sa commande sur le site\u00a0https:\/\/grannyboxcrochet.com<\/p>\n<p>Granny Box EI \u00a0ne pourra \u00eatre tenue pour responsable de tout usage frauduleux du moyen de paiement utilis\u00e9.<\/p>\n<p>Granny Box EI \u00a0se r\u00e9serve le droit de suspendre ou d\u2019annuler toute commande et\/ou livraison, quelle que soit sa nature et niveau d\u2019ex\u00e9cution, en cas de non-paiement de toute somme qui serait due par Le Client ou en cas d\u2019incident de paiement.<\/p>\n<p>Des p\u00e9nalit\u00e9s d\u2019un montant \u00e9gal au taux d\u2019int\u00e9r\u00eat l\u00e9gal major\u00e9 de cinq points sont applicables de plein droit aux montants impay\u00e9s \u00e0 l\u2019issue d\u2019un d\u00e9lai de dix jours suivant la date de paiement suppos\u00e9 ou d\u00e8s notification du rejet de paiement bancaire pour tout autre moyen de paiement.<\/p>\n<p>La livraison de toute nouvelle commande pourra \u00eatre suspendue en cas de retard de paiement d\u2019une pr\u00e9c\u00e9dente commande et ce nonobstant les dispositions des pr\u00e9sentes.<\/p>\n<p>Il appartient au Client d\u2019enregistrer et d\u2019imprimer son certificat de paiement s\u2019il souhaite conserver les d\u00e9tails bancaires relatifs \u00e0 sa transaction.<\/p>\n<p>Lors de votre premier achat sur\u00a0<a href=\"https:\/\/grannyboxcrochet.com\/en\/\">https:\/\/grannyboxcrochet.com<\/a> \u00a0un compte client sera automatiquement cr\u00e9\u00e9, afin que vous puissiez suivre l\u2019\u00e9volution de toutes les commandes qui\u00a0 seront effectu\u00e9es sur notre site<\/p>\t\t\t\t\t\t\t\t<\/div>\n\t\t\t\t<\/div>\n\t\t\t\t\t<\/div>\n\t\t\t\t<\/div>\n\t\t\t\t<\/div>","protected":false},"excerpt":{"rendered":"<p>Article 1 &#8211; Collecte et protection des donn\u00e9es Vos donn\u00e9es sont collect\u00e9es par la soci\u00e9t\u00e9 Granny Box EI \u00a0Une donn\u00e9e [&hellip;]<\/p>\n","protected":false},"author":1,"featured_media":0,"parent":0,"menu_order":0,"comment_status":"closed","ping_status":"open","template":"","meta":{"site-sidebar-layout":"default","site-content-layout":"","ast-site-content-layout":"default","site-content-style":"default","site-sidebar-style":"default","ast-global-header-display":"","ast-banner-title-visibility":"","ast-main-header-display":"","ast-hfb-above-header-display":"","ast-hfb-below-header-display":"","ast-hfb-mobile-header-display":"","site-post-title":"","ast-breadcrumbs-content":"","ast-featured-img":"","footer-sml-layout":"","ast-disable-related-posts":"","theme-transparent-header-meta":"","adv-header-id-meta":"","stick-header-meta":"","header-above-stick-meta":"","header-main-stick-meta":"","header-below-stick-meta":"","astra-migrate-meta-layouts":"default","ast-page-background-enabled":"default","ast-page-background-meta":{"desktop":{"background-color":"var(--ast-global-color-5)","background-image":"","background-repeat":"repeat","background-position":"center center","background-size":"auto","background-attachment":"scroll","background-type":"","background-media":"","overlay-type":"","overlay-color":"","overlay-opacity":"","overlay-gradient":""},"tablet":{"background-color":"","background-image":"","background-repeat":"repeat","background-position":"center center","background-size":"auto","background-attachment":"scroll","background-type":"","background-media":"","overlay-type":"","overlay-color":"","overlay-opacity":"","overlay-gradient":""},"mobile":{"background-color":"","background-image":"","background-repeat":"repeat","background-position":"center center","background-size":"auto","background-attachment":"scroll","background-type":"","background-media":"","overlay-type":"","overlay-color":"","overlay-opacity":"","overlay-gradient":""}},"ast-content-background-meta":{"desktop":{"background-color":"var(--ast-global-color-4)","background-image":"","background-repeat":"repeat","background-position":"center center","background-size":"auto","background-attachment":"scroll","background-type":"","background-media":"","overlay-type":"","overlay-color":"","overlay-opacity":"","overlay-gradient":""},"tablet":{"background-color":"var(--ast-global-color-4)","background-image":"","background-repeat":"repeat","background-position":"center center","background-size":"auto","background-attachment":"scroll","background-type":"","background-media":"","overlay-type":"","overlay-color":"","overlay-opacity":"","overlay-gradient":""},"mobile":{"background-color":"var(--ast-global-color-4)","background-image":"","background-repeat":"repeat","background-position":"center center","background-size":"auto","background-attachment":"scroll","background-type":"","background-media":"","overlay-type":"","overlay-color":"","overlay-opacity":"","overlay-gradient":""}},"_glsr_average":0,"_glsr_ranking":0,"_glsr_reviews":0,"footnotes":""},"class_list":["post-3","page","type-page","status-publish","hentry"],"_links":{"self":[{"href":"https:\/\/grannyboxcrochet.com\/en\/wp-json\/wp\/v2\/pages\/3","targetHints":{"allow":["GET"]}}],"collection":[{"href":"https:\/\/grannyboxcrochet.com\/en\/wp-json\/wp\/v2\/pages"}],"about":[{"href":"https:\/\/grannyboxcrochet.com\/en\/wp-json\/wp\/v2\/types\/page"}],"author":[{"embeddable":true,"href":"https:\/\/grannyboxcrochet.com\/en\/wp-json\/wp\/v2\/users\/1"}],"replies":[{"embeddable":true,"href":"https:\/\/grannyboxcrochet.com\/en\/wp-json\/wp\/v2\/comments?post=3"}],"version-history":[{"count":3,"href":"https:\/\/grannyboxcrochet.com\/en\/wp-json\/wp\/v2\/pages\/3\/revisions"}],"predecessor-version":[{"id":389,"href":"https:\/\/grannyboxcrochet.com\/en\/wp-json\/wp\/v2\/pages\/3\/revisions\/389"}],"wp:attachment":[{"href":"https:\/\/grannyboxcrochet.com\/en\/wp-json\/wp\/v2\/media?parent=3"}],"curies":[{"name":"wp","href":"https:\/\/api.w.org\/{rel}","templated":true}]}}